{"id":21,"date":"2023-11-30T15:50:47","date_gmt":"2023-11-30T14:50:47","guid":{"rendered":"https:\/\/stellenmarkt-de.com\/?page_id=21"},"modified":"2025-09-20T12:28:42","modified_gmt":"2025-09-20T10:28:42","slug":"kontakte","status":"publish","type":"page","link":"https:\/\/stellenmarkt-de.com\/index.php\/kontakte\/","title":{"rendered":"Kontakte"},"content":{"rendered":"\n<p><strong>Kontaktieren Sie uns \u2013 Ihre Personalvermittlung in Bayern<\/strong><\/p>\n\n\n\n<p>Willkommen auf unserer Kontaktseite! Wir freuen uns darauf, Sie bei Ihrer Suche nach qualifizierten Fachkr\u00e4ften oder Ihrer n\u00e4chsten beruflichen Herausforderung zu unterst\u00fctzen.<\/p>\n\n\n\n<p><strong>So erreichen Sie uns:<\/strong>  \ud83d\udcde <strong>Telefon: +49 16098 224450<\/strong> \ud83d\udce7 <strong>E-Mail: info@stellenmarkt-de.com<\/strong><\/p>\n\n\n\n<p><strong>\u00d6ffnungszeiten:<\/strong> Montag bis Freitag: 9:00 \u2013 17:00 Uhr Samstag: nach Vereinbarung<\/p>\n\n\n\n<p><strong>Haben Sie Fragen?<\/strong> F\u00fcllen Sie einfach unser Kontaktformular aus, und wir melden uns so schnell wie m\u00f6glich bei Ihnen. Egal, ob Sie ein Unternehmen auf der Suche nach Talenten sind oder ein Bewerber, der seine Karriere voranbringen m\u00f6chte \u2013 wir stehen Ihnen zur Seite!<\/p>\n\n\n\n<p>Wir freuen uns auf Ihre Nachricht. Ihr Erfolg ist unser Anliegen.<\/p>\n\n\n\n<p>Sie k\u00f6nnen  unser untenstehendes Kontaktformular nutzen, um mit uns Kontakt aufzunehmen. <\/p>\n\n\n\n<div class=\"wp-block-contact-form-7-contact-form-selector\">\n<div class=\"wpcf7 no-js\" id=\"wpcf7-f3469-o1\" lang=\"de-DE\" dir=\"ltr\" data-wpcf7-id=\"3469\">\n<div class=\"screen-reader-response\"><p role=\"status\" aria-live=\"polite\" aria-atomic=\"true\"><\/p> <ul><\/ul><\/div>\n<form action=\"\/index.php\/wp-json\/wp\/v2\/pages\/21#wpcf7-f3469-o1\" method=\"post\" class=\"wpcf7-form init\" aria-label=\"Kontaktformular\" novalidate=\"novalidate\" data-status=\"init\">\n<fieldset class=\"hidden-fields-container\"><input type=\"hidden\" name=\"_wpcf7\" value=\"3469\" \/><input type=\"hidden\" name=\"_wpcf7_version\" value=\"6.1.5\" \/><input type=\"hidden\" name=\"_wpcf7_locale\" value=\"de_DE\" \/><input type=\"hidden\" name=\"_wpcf7_unit_tag\" value=\"wpcf7-f3469-o1\" \/><input type=\"hidden\" name=\"_wpcf7_container_post\" value=\"0\" \/><input type=\"hidden\" name=\"_wpcf7_posted_data_hash\" value=\"\" \/><input type=\"hidden\" name=\"_wpcf7_recaptcha_response\" value=\"\" \/>\n<\/fieldset>\n<p><label> Dein Name<br \/>\n<span class=\"wpcf7-form-control-wrap\" data-name=\"your-name\"><input size=\"40\" maxlength=\"400\" class=\"wpcf7-form-control wpcf7-text wpcf7-validates-as-required\" autocomplete=\"name\" aria-required=\"true\" aria-invalid=\"false\" value=\"\" type=\"text\" name=\"your-name\" \/><\/span> <\/label>\n<\/p>\n<p><label> Deine E-Mail-Adresse<br \/>\n<span class=\"wpcf7-form-control-wrap\" data-name=\"your-email\"><input size=\"40\" maxlength=\"400\" class=\"wpcf7-form-control wpcf7-email wpcf7-validates-as-required wpcf7-text wpcf7-validates-as-email\" autocomplete=\"email\" aria-required=\"true\" aria-invalid=\"false\" value=\"\" type=\"email\" name=\"your-email\" \/><\/span> <\/label>\n<\/p>\n<p><label> Betreff<br \/>\n<span class=\"wpcf7-form-control-wrap\" data-name=\"your-subject\"><input size=\"40\" maxlength=\"400\" class=\"wpcf7-form-control wpcf7-text wpcf7-validates-as-required\" aria-required=\"true\" aria-invalid=\"false\" value=\"\" type=\"text\" name=\"your-subject\" \/><\/span> <\/label>\n<\/p>\n<p><label> Deine Nachricht (optional)<br \/>\n<span class=\"wpcf7-form-control-wrap\" data-name=\"your-message\"><textarea cols=\"40\" rows=\"10\" maxlength=\"2000\" class=\"wpcf7-form-control wpcf7-textarea\" aria-invalid=\"false\" name=\"your-message\"><\/textarea><\/span> <\/label>\n<\/p>\n<p><input class=\"wpcf7-form-control wpcf7-submit has-spinner\" type=\"submit\" value=\"Senden\" \/>\n<\/p>\n<span class=\"wpcf7-form-control-wrap recaptcha\" data-name=\"recaptcha\"><span data-sitekey=\"6Lf8b88rAAAAADXSp-ZZLrWeMQ_Dumb0JCtPfjkp\" class=\"wpcf7-form-control wpcf7-recaptcha g-recaptcha\"><\/span>\r\n<noscript>\r\n\t<div class=\"grecaptcha-noscript\">\r\n\t\t<iframe src=\"https:\/\/www.google.com\/recaptcha\/api\/fallback?k=6Lf8b88rAAAAADXSp-ZZLrWeMQ_Dumb0JCtPfjkp\" frameborder=\"0\" scrolling=\"no\" width=\"310\" height=\"430\">\r\n\t\t<\/iframe>\r\n\t\t<textarea name=\"g-recaptcha-response\" rows=\"3\" cols=\"40\" placeholder=\"reCaptcha Response Here\">\r\n\t\t<\/textarea>\r\n\t<\/div>\r\n<\/noscript>\r\n<\/span><p style=\"display: none !important;\" class=\"akismet-fields-container\" data-prefix=\"_wpcf7_ak_\"><label>&#916;<textarea name=\"_wpcf7_ak_hp_textarea\" cols=\"45\" rows=\"8\" maxlength=\"100\"><\/textarea><\/label><input type=\"hidden\" id=\"ak_js_1\" name=\"_wpcf7_ak_js\" value=\"209\"\/><script>\ndocument.getElementById( \"ak_js_1\" ).setAttribute( \"value\", ( new Date() ).getTime() );\n<\/script>\n<\/p><div class=\"wpcf7-response-output\" aria-hidden=\"true\"><\/div>\n<\/form>\n<\/div>\n<\/div>\n\n\n\n<div class=\"wp-block-group has-white-background-color has-background is-layout-flow wp-block-group-is-layout-flow\" style=\"padding-top:var(--wp--preset--spacing--80);padding-right:0;padding-bottom:var(--wp--preset--spacing--80);padding-left:0\"><h1 style=\"font-style:normal;font-weight:700;\" class=\"has-text-align-center wp-block-site-title has-medium-font-size\"><a href=\"https:\/\/stellenmarkt-de.com\" target=\"_self\" rel=\"home\">Stellenmarkt<\/a><\/h1>\n\n<p class=\"has-text-align-center wp-block-site-tagline\">Deutschlands gr\u00f6\u00dfte Stellenmarkt<\/p>\n\n\n<div style=\"height:20px\" aria-hidden=\"true\" class=\"wp-block-spacer\"><\/div>\n\n\n\n<div class=\"wp-block-buttons is-content-justification-center is-layout-flex wp-container-core-buttons-is-layout-a89b3969 wp-block-buttons-is-layout-flex\">\n<div class=\"wp-block-button has-custom-width wp-block-button__width-100\"><a class=\"wp-block-button__link wp-element-button\">Sehen Sie sich unsere neuesten Videos an<\/a><\/div>\n\n\n\n<div class=\"wp-block-button has-custom-width wp-block-button__width-100\"><a class=\"wp-block-button__link wp-element-button\" href=\"https:\/\/stellenmarkt-de.com\/index.php\/jobs-2\/\">Jobangebote<\/a><\/div>\n\n\n\n<div class=\"wp-block-button has-custom-width wp-block-button__width-100\"><a class=\"wp-block-button__link wp-element-button\" href=\"https:\/\/stellenmarkt-de.com\/index.php\/blog\/\">Arbeitsmarktnachrichten<\/a><\/div>\n\n\n\n<div class=\"wp-block-button has-custom-width wp-block-button__width-100 is-style-fill\"><a class=\"wp-block-button__link wp-element-button\" href=\"https:\/\/stellenmarkt-de.com\/index.php\/stellenmarkt-deutschland\/\">N\u00fctzlich<\/a><\/div>\n<\/div>\n<\/div>\n\n\n\n<div class=\"wp-block-group alignfull has-contrast-color has-text-color is-vertical is-content-justification-center is-layout-flex wp-container-core-group-is-layout-f306f087 wp-block-group-is-layout-flex\" style=\"min-height:40vh;margin-top:0;margin-bottom:0;padding-top:var(--wp--preset--spacing--60);padding-right:var(--wp--preset--spacing--50);padding-bottom:var(--wp--preset--spacing--60);padding-left:var(--wp--preset--spacing--50)\"><div style=\"margin-bottom:6px;\" class=\"is-default-size aligncenter wp-block-site-logo\"><a href=\"https:\/\/stellenmarkt-de.com\/\" class=\"custom-logo-link\" rel=\"home\"><img data-recalc-dims=\"1\" decoding=\"async\" width=\"372\" height=\"175\" src=\"https:\/\/i0.wp.com\/stellenmarkt-de.com\/wp-content\/uploads\/2024\/03\/cropped-DEB-Personal.png?resize=372%2C175&#038;ssl=1\" class=\"custom-logo\" alt=\"Stellenmarkt\" srcset=\"https:\/\/i0.wp.com\/stellenmarkt-de.com\/wp-content\/uploads\/2024\/03\/cropped-DEB-Personal.png?w=372&amp;ssl=1 372w, https:\/\/i0.wp.com\/stellenmarkt-de.com\/wp-content\/uploads\/2024\/03\/cropped-DEB-Personal.png?resize=300%2C141&amp;ssl=1 300w\" sizes=\"(max-width: 372px) 100vw, 372px\" \/><\/a><\/div>\n\n\n<p class=\"has-text-align-center has-medium-font-size\"><\/p>\n\n\n\n<ul class=\"wp-block-social-links has-normal-icon-size is-style-logos-only is-nowrap is-layout-flex wp-container-core-social-links-is-layout-65900438 wp-block-social-links-is-layout-flex\"><li class=\"wp-social-link wp-social-link-facebook  wp-block-social-link\"><a href=\"#\" class=\"wp-block-social-link-anchor\"><svg width=\"24\" height=\"24\" viewBox=\"0 0 24 24\" version=\"1.1\" xmlns=\"http:\/\/www.w3.org\/2000\/svg\" aria-hidden=\"true\" focusable=\"false\"><path d=\"M12 2C6.5 2 2 6.5 2 12c0 5 3.7 9.1 8.4 9.9v-7H7.9V12h2.5V9.8c0-2.5 1.5-3.9 3.8-3.9 1.1 0 2.2.2 2.2.2v2.5h-1.3c-1.2 0-1.6.8-1.6 1.6V12h2.8l-.4 2.9h-2.3v7C18.3 21.1 22 17 22 12c0-5.5-4.5-10-10-10z\"><\/path><\/svg><span class=\"wp-block-social-link-label screen-reader-text\">Facebook<\/span><\/a><\/li>\n\n<li class=\"wp-social-link wp-social-link-twitter  wp-block-social-link\"><a href=\"#\" class=\"wp-block-social-link-anchor\"><svg width=\"24\" height=\"24\" viewBox=\"0 0 24 24\" version=\"1.1\" xmlns=\"http:\/\/www.w3.org\/2000\/svg\" aria-hidden=\"true\" focusable=\"false\"><path d=\"M22.23,5.924c-0.736,0.326-1.527,0.547-2.357,0.646c0.847-0.508,1.498-1.312,1.804-2.27 c-0.793,0.47-1.671,0.812-2.606,0.996C18.324,4.498,17.257,4,16.077,4c-2.266,0-4.103,1.837-4.103,4.103 c0,0.322,0.036,0.635,0.106,0.935C8.67,8.867,5.647,7.234,3.623,4.751C3.27,5.357,3.067,6.062,3.067,6.814 c0,1.424,0.724,2.679,1.825,3.415c-0.673-0.021-1.305-0.206-1.859-0.513c0,0.017,0,0.034,0,0.052c0,1.988,1.414,3.647,3.292,4.023 c-0.344,0.094-0.707,0.144-1.081,0.144c-0.264,0-0.521-0.026-0.772-0.074c0.522,1.63,2.038,2.816,3.833,2.85 c-1.404,1.1-3.174,1.756-5.096,1.756c-0.331,0-0.658-0.019-0.979-0.057c1.816,1.164,3.973,1.843,6.29,1.843 c7.547,0,11.675-6.252,11.675-11.675c0-0.178-0.004-0.355-0.012-0.531C20.985,7.47,21.68,6.747,22.23,5.924z\"><\/path><\/svg><span class=\"wp-block-social-link-label screen-reader-text\">Twitter<\/span><\/a><\/li>\n\n<li class=\"wp-social-link wp-social-link-wordpress  wp-block-social-link\"><a href=\"#\" class=\"wp-block-social-link-anchor\"><svg width=\"24\" height=\"24\" viewBox=\"0 0 24 24\" version=\"1.1\" xmlns=\"http:\/\/www.w3.org\/2000\/svg\" aria-hidden=\"true\" focusable=\"false\"><path d=\"M12.158,12.786L9.46,20.625c0.806,0.237,1.657,0.366,2.54,0.366c1.047,0,2.051-0.181,2.986-0.51 c-0.024-0.038-0.046-0.079-0.065-0.124L12.158,12.786z M3.009,12c0,3.559,2.068,6.634,5.067,8.092L3.788,8.341 C3.289,9.459,3.009,10.696,3.009,12z M18.069,11.546c0-1.112-0.399-1.881-0.741-2.48c-0.456-0.741-0.883-1.368-0.883-2.109 c0-0.826,0.627-1.596,1.51-1.596c0.04,0,0.078,0.005,0.116,0.007C16.472,3.904,14.34,3.009,12,3.009 c-3.141,0-5.904,1.612-7.512,4.052c0.211,0.007,0.41,0.011,0.579,0.011c0.94,0,2.396-0.114,2.396-0.114 C7.947,6.93,8.004,7.642,7.52,7.699c0,0-0.487,0.057-1.029,0.085l3.274,9.739l1.968-5.901l-1.401-3.838 C9.848,7.756,9.389,7.699,9.389,7.699C8.904,7.67,8.961,6.93,9.446,6.958c0,0,1.484,0.114,2.368,0.114 c0.94,0,2.397-0.114,2.397-0.114c0.485-0.028,0.542,0.684,0.057,0.741c0,0-0.488,0.057-1.029,0.085l3.249,9.665l0.897-2.996 C17.841,13.284,18.069,12.316,18.069,11.546z M19.889,7.686c0.039,0.286,0.06,0.593,0.06,0.924c0,0.912-0.171,1.938-0.684,3.22 l-2.746,7.94c2.673-1.558,4.47-4.454,4.47-7.771C20.991,10.436,20.591,8.967,19.889,7.686z M12,22C6.486,22,2,17.514,2,12 C2,6.486,6.486,2,12,2c5.514,0,10,4.486,10,10C22,17.514,17.514,22,12,22z\"><\/path><\/svg><span class=\"wp-block-social-link-label screen-reader-text\">WordPress<\/span><\/a><\/li><\/ul>\n<\/div>\n","protected":false},"excerpt":{"rendered":"<p>Kontaktieren Sie uns \u2013 Ihre Personalvermittlung in Bayern Willkommen auf unserer Kontaktseite! Wir freuen uns darauf, Sie bei Ihrer Suche [&hellip;]<\/p>\n","protected":false},"author":1,"featured_media":0,"parent":0,"menu_order":0,"comment_status":"closed","ping_status":"closed","template":"","meta":{"site-sidebar-layout":"default","site-content-layout":"","ast-site-content-layout":"default","site-content-style":"default","site-sidebar-style":"default","ast-global-header-display":"","ast-banner-title-visibility":"","ast-main-header-display":"","ast-hfb-above-header-display":"","ast-hfb-below-header-display":"","ast-hfb-mobile-header-display":"","site-post-title":"","ast-breadcrumbs-content":"","ast-featured-img":"","footer-sml-layout":"","ast-disable-related-posts":"","theme-transparent-header-meta":"","adv-header-id-meta":"","stick-header-meta":"","header-above-stick-meta":"","header-main-stick-meta":"","header-below-stick-meta":"","astra-migrate-meta-layouts":"default","ast-page-background-enabled":"default","ast-page-background-meta":{"desktop":{"background-color":"var(--ast-global-color-5)","background-image":"","background-repeat":"repeat","background-position":"center center","background-size":"auto","background-attachment":"scroll","background-type":"","background-media":"","overlay-type":"","overlay-color":"","overlay-opacity":"","overlay-gradient":""},"tablet":{"background-color":"","background-image":"","background-repeat":"repeat","background-position":"center center","background-size":"auto","background-attachment":"scroll","background-type":"","background-media":"","overlay-type":"","overlay-color":"","overlay-opacity":"","overlay-gradient":""},"mobile":{"background-color":"","background-image":"","background-repeat":"repeat","background-position":"center center","background-size":"auto","background-attachment":"scroll","background-type":"","background-media":"","overlay-type":"","overlay-color":"","overlay-opacity":"","overlay-gradient":""}},"ast-content-background-meta":{"desktop":{"background-color":"var(--ast-global-color-4)","background-image":"","background-repeat":"repeat","background-position":"center center","background-size":"auto","background-attachment":"scroll","background-type":"","background-media":"","overlay-type":"","overlay-color":"","overlay-opacity":"","overlay-gradient":""},"tablet":{"background-color":"var(--ast-global-color-4)","background-image":"","background-repeat":"repeat","background-position":"center center","background-size":"auto","background-attachment":"scroll","background-type":"","background-media":"","overlay-type":"","overlay-color":"","overlay-opacity":"","overlay-gradient":""},"mobile":{"background-color":"var(--ast-global-color-4)","background-image":"","background-repeat":"repeat","background-position":"center center","background-size":"auto","background-attachment":"scroll","background-type":"","background-media":"","overlay-type":"","overlay-color":"","overlay-opacity":"","overlay-gradient":""}},"footnotes":""},"class_list":["post-21","page","type-page","status-publish","hentry"],"yoast_head":"<!-- This site is optimized with the Yoast SEO plugin v27.5 - https:\/\/yoast.com\/product\/yoast-seo-wordpress\/ -->\n<title>Kontakte - Stellenmarkt<\/title>\n<meta name=\"description\" content=\"Wenn Sie auf der Suche nach einem Job sind, oder auf der Suche nach Mitarbeitern, kontaktieren Sie uns, in unserer Jobb\u00f6rse-Stellenmarkt !\" \/>\n<meta name=\"robots\" content=\"index, follow, max-snippet:-1, max-image-preview:large, max-video-preview:-1\" \/>\n<link rel=\"canonical\" href=\"https:\/\/stellenmarkt-de.com\/index.php\/kontakte\/\" \/>\n<meta property=\"og:locale\" content=\"en_US\" \/>\n<meta property=\"og:type\" content=\"article\" \/>\n<meta property=\"og:title\" content=\"Kontakte - Stellenmarkt\" \/>\n<meta property=\"og:description\" content=\"Wenn Sie auf der Suche nach einem Job sind, oder auf der Suche nach Mitarbeitern, kontaktieren Sie uns, in unserer Jobb\u00f6rse-Stellenmarkt !\" \/>\n<meta property=\"og:url\" content=\"https:\/\/stellenmarkt-de.com\/index.php\/kontakte\/\" \/>\n<meta property=\"og:site_name\" content=\"Stellenmarkt\" \/>\n<meta property=\"article:modified_time\" content=\"2025-09-20T10:28:42+00:00\" \/>\n<meta name=\"twitter:card\" content=\"summary_large_image\" \/>\n<meta name=\"twitter:label1\" content=\"Est. reading time\" \/>\n\t<meta name=\"twitter:data1\" content=\"1 minute\" \/>\n<script type=\"application\/ld+json\" class=\"yoast-schema-graph\">{\"@context\":\"https:\\\/\\\/schema.org\",\"@graph\":[{\"@type\":\"WebPage\",\"@id\":\"https:\\\/\\\/stellenmarkt-de.com\\\/index.php\\\/kontakte\\\/\",\"url\":\"https:\\\/\\\/stellenmarkt-de.com\\\/index.php\\\/kontakte\\\/\",\"name\":\"Kontakte - Stellenmarkt\",\"isPartOf\":{\"@id\":\"https:\\\/\\\/stellenmarkt-de.com\\\/#website\"},\"datePublished\":\"2023-11-30T14:50:47+00:00\",\"dateModified\":\"2025-09-20T10:28:42+00:00\",\"description\":\"Wenn Sie auf der Suche nach einem Job sind, oder auf der Suche nach Mitarbeitern, kontaktieren Sie uns, in unserer Jobb\u00f6rse-Stellenmarkt !\",\"breadcrumb\":{\"@id\":\"https:\\\/\\\/stellenmarkt-de.com\\\/index.php\\\/kontakte\\\/#breadcrumb\"},\"inLanguage\":\"en-US\",\"potentialAction\":[{\"@type\":\"ReadAction\",\"target\":[\"https:\\\/\\\/stellenmarkt-de.com\\\/index.php\\\/kontakte\\\/\"]}]},{\"@type\":\"BreadcrumbList\",\"@id\":\"https:\\\/\\\/stellenmarkt-de.com\\\/index.php\\\/kontakte\\\/#breadcrumb\",\"itemListElement\":[{\"@type\":\"ListItem\",\"position\":1,\"name\":\"Startseite\",\"item\":\"https:\\\/\\\/stellenmarkt-de.com\\\/\"},{\"@type\":\"ListItem\",\"position\":2,\"name\":\"Kontakte\"}]},{\"@type\":\"WebSite\",\"@id\":\"https:\\\/\\\/stellenmarkt-de.com\\\/#website\",\"url\":\"https:\\\/\\\/stellenmarkt-de.com\\\/\",\"name\":\"Stellenmarkt\",\"description\":\"Deutschlands gr\u00f6\u00dfte Stellenmarkt\",\"publisher\":{\"@id\":\"https:\\\/\\\/stellenmarkt-de.com\\\/#organization\"},\"potentialAction\":[{\"@type\":\"SearchAction\",\"target\":{\"@type\":\"EntryPoint\",\"urlTemplate\":\"https:\\\/\\\/stellenmarkt-de.com\\\/?s={search_term_string}\"},\"query-input\":{\"@type\":\"PropertyValueSpecification\",\"valueRequired\":true,\"valueName\":\"search_term_string\"}}],\"inLanguage\":\"en-US\"},{\"@type\":\"Organization\",\"@id\":\"https:\\\/\\\/stellenmarkt-de.com\\\/#organization\",\"name\":\"Stellenmarkt\",\"url\":\"https:\\\/\\\/stellenmarkt-de.com\\\/\",\"logo\":{\"@type\":\"ImageObject\",\"inLanguage\":\"en-US\",\"@id\":\"https:\\\/\\\/stellenmarkt-de.com\\\/#\\\/schema\\\/logo\\\/image\\\/\",\"url\":\"https:\\\/\\\/i0.wp.com\\\/stellenmarkt-de.com\\\/wp-content\\\/uploads\\\/2024\\\/03\\\/cropped-DEB-Personal.png?fit=372%2C175&ssl=1\",\"contentUrl\":\"https:\\\/\\\/i0.wp.com\\\/stellenmarkt-de.com\\\/wp-content\\\/uploads\\\/2024\\\/03\\\/cropped-DEB-Personal.png?fit=372%2C175&ssl=1\",\"width\":372,\"height\":175,\"caption\":\"Stellenmarkt\"},\"image\":{\"@id\":\"https:\\\/\\\/stellenmarkt-de.com\\\/#\\\/schema\\\/logo\\\/image\\\/\"}}]}<\/script>\n<!-- \/ Yoast SEO plugin. -->","yoast_head_json":{"title":"Kontakte - Stellenmarkt","description":"Wenn Sie auf der Suche nach einem Job sind, oder auf der Suche nach Mitarbeitern, kontaktieren Sie uns, in unserer Jobb\u00f6rse-Stellenmarkt !","robots":{"index":"index","follow":"follow","max-snippet":"max-snippet:-1","max-image-preview":"max-image-preview:large","max-video-preview":"max-video-preview:-1"},"canonical":"https:\/\/stellenmarkt-de.com\/index.php\/kontakte\/","og_locale":"en_US","og_type":"article","og_title":"Kontakte - Stellenmarkt","og_description":"Wenn Sie auf der Suche nach einem Job sind, oder auf der Suche nach Mitarbeitern, kontaktieren Sie uns, in unserer Jobb\u00f6rse-Stellenmarkt !","og_url":"https:\/\/stellenmarkt-de.com\/index.php\/kontakte\/","og_site_name":"Stellenmarkt","article_modified_time":"2025-09-20T10:28:42+00:00","twitter_card":"summary_large_image","twitter_misc":{"Est. reading time":"1 minute"},"schema":{"@context":"https:\/\/schema.org","@graph":[{"@type":"WebPage","@id":"https:\/\/stellenmarkt-de.com\/index.php\/kontakte\/","url":"https:\/\/stellenmarkt-de.com\/index.php\/kontakte\/","name":"Kontakte - Stellenmarkt","isPartOf":{"@id":"https:\/\/stellenmarkt-de.com\/#website"},"datePublished":"2023-11-30T14:50:47+00:00","dateModified":"2025-09-20T10:28:42+00:00","description":"Wenn Sie auf der Suche nach einem Job sind, oder auf der Suche nach Mitarbeitern, kontaktieren Sie uns, in unserer Jobb\u00f6rse-Stellenmarkt !","breadcrumb":{"@id":"https:\/\/stellenmarkt-de.com\/index.php\/kontakte\/#breadcrumb"},"inLanguage":"en-US","potentialAction":[{"@type":"ReadAction","target":["https:\/\/stellenmarkt-de.com\/index.php\/kontakte\/"]}]},{"@type":"BreadcrumbList","@id":"https:\/\/stellenmarkt-de.com\/index.php\/kontakte\/#breadcrumb","itemListElement":[{"@type":"ListItem","position":1,"name":"Startseite","item":"https:\/\/stellenmarkt-de.com\/"},{"@type":"ListItem","position":2,"name":"Kontakte"}]},{"@type":"WebSite","@id":"https:\/\/stellenmarkt-de.com\/#website","url":"https:\/\/stellenmarkt-de.com\/","name":"Stellenmarkt","description":"Deutschlands gr\u00f6\u00dfte Stellenmarkt","publisher":{"@id":"https:\/\/stellenmarkt-de.com\/#organization"},"potentialAction":[{"@type":"SearchAction","target":{"@type":"EntryPoint","urlTemplate":"https:\/\/stellenmarkt-de.com\/?s={search_term_string}"},"query-input":{"@type":"PropertyValueSpecification","valueRequired":true,"valueName":"search_term_string"}}],"inLanguage":"en-US"},{"@type":"Organization","@id":"https:\/\/stellenmarkt-de.com\/#organization","name":"Stellenmarkt","url":"https:\/\/stellenmarkt-de.com\/","logo":{"@type":"ImageObject","inLanguage":"en-US","@id":"https:\/\/stellenmarkt-de.com\/#\/schema\/logo\/image\/","url":"https:\/\/i0.wp.com\/stellenmarkt-de.com\/wp-content\/uploads\/2024\/03\/cropped-DEB-Personal.png?fit=372%2C175&ssl=1","contentUrl":"https:\/\/i0.wp.com\/stellenmarkt-de.com\/wp-content\/uploads\/2024\/03\/cropped-DEB-Personal.png?fit=372%2C175&ssl=1","width":372,"height":175,"caption":"Stellenmarkt"},"image":{"@id":"https:\/\/stellenmarkt-de.com\/#\/schema\/logo\/image\/"}}]}},"jetpack_sharing_enabled":true,"_links":{"self":[{"href":"https:\/\/stellenmarkt-de.com\/index.php\/wp-json\/wp\/v2\/pages\/21","targetHints":{"allow":["GET"]}}],"collection":[{"href":"https:\/\/stellenmarkt-de.com\/index.php\/wp-json\/wp\/v2\/pages"}],"about":[{"href":"https:\/\/stellenmarkt-de.com\/index.php\/wp-json\/wp\/v2\/types\/page"}],"author":[{"embeddable":true,"href":"https:\/\/stellenmarkt-de.com\/index.php\/wp-json\/wp\/v2\/users\/1"}],"replies":[{"embeddable":true,"href":"https:\/\/stellenmarkt-de.com\/index.php\/wp-json\/wp\/v2\/comments?post=21"}],"version-history":[{"count":11,"href":"https:\/\/stellenmarkt-de.com\/index.php\/wp-json\/wp\/v2\/pages\/21\/revisions"}],"predecessor-version":[{"id":3471,"href":"https:\/\/stellenmarkt-de.com\/index.php\/wp-json\/wp\/v2\/pages\/21\/revisions\/3471"}],"wp:attachment":[{"href":"https:\/\/stellenmarkt-de.com\/index.php\/wp-json\/wp\/v2\/media?parent=21"}],"curies":[{"name":"wp","href":"https:\/\/api.w.org\/{rel}","templated":true}]}}