{"id":103,"date":"2023-12-02T13:13:45","date_gmt":"2023-12-02T12:13:45","guid":{"rendered":"https:\/\/stellenmarkt-de.com\/?page_id=103"},"modified":"2024-03-31T13:10:31","modified_gmt":"2024-03-31T11:10:31","slug":"stellenmarkt-deutschland","status":"publish","type":"page","link":"https:\/\/stellenmarkt-de.com\/index.php\/stellenmarkt-deutschland\/","title":{"rendered":"Stellenmarkt f\u00fcr Arbeit in Deutschland"},"content":{"rendered":"\n<p><strong>Jobsuche bei Stellenmarkt Deutschland.<\/strong><\/p>\n\n\n\n<p>Bei der Jobsuche gibt es verschiedene Strategien und Tipps, die Ihnen zum Erfolg verhelfen. Hier sind einige n\u00fctzliche Ans\u00e4tze:<\/p>\n\n\n\n<p><strong>-Verdeckter Arbeitsmarkt:<\/strong> Wussten Sie, dass etwa zwei Drittel aller Stellenangebote in Deutschland nie \u00f6ffentlich ausgeschrieben werden? Nur etwa f\u00fcnf Prozent der Bewerber nutzen diese M\u00f6glichkeit und konzentrieren sich auf den verdeckten Arbeitsmarkt. Nutzen Sie Ihre Kontakte und informieren Sie sich \u00fcber unver\u00f6ffentlichte Stellenangebote.<\/p>\n\n\n\n<p><strong>-Initiativbewerbungen:<\/strong> Unerw\u00fcnschte Bewerbungen sind erfolgreicher als viele denken. Sie bieten eine gute Gelegenheit f\u00fcr den ersten Kontakt mit dem Unternehmen. Auch wenn sie nicht sofort zum Erfolg f\u00fchren, erweitern sie Ihr Netzwerk und f\u00fchren m\u00f6glicherweise sp\u00e4ter zu Einladungen zu Vorstellungsgespr\u00e4chen.<\/p>\n\n\n\n<p><strong>-Netzwerk:<\/strong> Ihre Kontakte sind wertvoll. Fragen Sie berufliche und pers\u00f6nliche Kontakte, ob sie offene Stellen kennen oder jemanden kennen, der jemanden kennt. Manchmal f\u00fchrt Ihre Jobsuche auf unerwartete Weise zu Ihrem Traumjob.<\/p>\n\n\n\n<p><strong>-Online-Plattformen:<\/strong> Nutzen Sie Plattformen wie LinkedIn, um sich zu vernetzen, Geh\u00e4lter zu vergleichen und Recruiter-Personalvermittler wird Sie finden.<\/p>\n\n\n\n<p><strong>-Gezielte Suche:<\/strong> \u00dcberlegen Sie genau, ob Sie vor Ort, in Ihrem Gemeinden oder in der gesamten Region Arbeit suchen. Definieren Sie relevante Suchkriterien und verwenden Sie relevante Suchw\u00f6rter.<\/p>\n\n\n\n<p><strong>Denken Sie daran, dass die Jobsuche Zeit und Geduld erfordert. Unserer Stellenmarkt Deutschland kann sehr behilflich sein !<\/strong><\/p>\n\n\n\n<hr class=\"wp-block-separator alignfull has-alpha-channel-opacity\"\/>\n\n\n\n<div class=\"wp-block-columns alignwide is-layout-flex wp-container-core-columns-is-layout-d2da2050 wp-block-columns-is-layout-flex\" style=\"margin-bottom:0\">\n<div class=\"wp-block-column has-text-color has-background has-link-color wp-elements-ba0591ee907c9ca0e9dcc2100da4dfc3 is-layout-flow wp-block-column-is-layout-flow\" style=\"color:#000000;background-color:#ffe97d;padding-top:2em;padding-right:2em;padding-bottom:2em;padding-left:2em\">\n<h2 class=\"wp-block-heading\" id=\"single\" style=\"font-size:40px\"><strong>Lohn<\/strong> <strong>Rechner<\/strong><\/h2>\n\n\n\n<p class=\"has-normal-font-size\" style=\"line-height:1.5\"><strong>Brutto-Netto Rechner kostenlos<\/strong><\/p>\n\n\n\n<hr class=\"wp-block-separator has-text-color has-css-opacity has-background is-style-wide\" style=\"background-color:#000000;color:#000000\"\/>\n\n\n\n<ul class=\"has-normal-font-size wp-block-list\">\n<li>Mit unserem Partner-Brutto-Nettoeinkommensrechner k\u00f6nnen Sie schnell und genau ermitteln, was von Ihrem Bruttogehalt als Nettogehalt nach Steuern und Sozialabgaben in Deutschland \u00fcbrig bleibt.<\/li>\n\n\n\n<li>Alles ist einfach und schnell und auch sicher.<\/li>\n<\/ul>\n\n\n\n<div class=\"wp-block-buttons alignfull is-horizontal is-content-justification-center is-layout-flex wp-container-core-buttons-is-layout-03627597 wp-block-buttons-is-layout-flex\">\n<div class=\"wp-block-button has-custom-width wp-block-button__width-100\"><a class=\"wp-block-button__link has-white-color has-text-color has-background no-border-radius wp-element-button\" href=\"https:\/\/www.brutto-netto.de\/rechner\/\" style=\"background-color:#000000\" target=\"_blank\" rel=\"noreferrer noopener\">Weiter<\/a><\/div>\n<\/div>\n<\/div>\n\n\n\n<div class=\"wp-block-column has-text-color has-background has-link-color wp-elements-ee9f00c0ea304d33c1f3d748fc2edeaa is-layout-flow wp-block-column-is-layout-flow\" style=\"color:#000000;background-color:#d1d1e1;padding-top:2em;padding-right:2em;padding-bottom:2em;padding-left:2em\">\n<h2 class=\"wp-block-heading\" id=\"family\" style=\"font-size:40px\"><strong>Lebenslauf<\/strong><\/h2>\n\n\n\n<p class=\"has-normal-font-size\" style=\"line-height:1.5\"><strong>Kostenlose Lebenslauf Generator<\/strong><\/p>\n\n\n\n<hr class=\"wp-block-separator has-css-opacity is-style-wide\"\/>\n\n\n\n<ul class=\"has-normal-font-size wp-block-list\">\n<li>M\u00f6chten Sie keine Zeit verschwenden und gleich hier im Internet mit der Erstellung Ihrer Bewerbung beginnen? Dann drucken Sie unten unser Partnerlogo aus, w\u00e4hlen Sie dann unten Ihr Lieblingsdesign aus und klicken Sie auf die Schaltfl\u00e4che unten, um direkt zum kostenlosen App-Generator zu gelangen.<\/li>\n<\/ul>\n\n\n\n<div class=\"wp-block-buttons alignfull is-horizontal is-content-justification-center is-layout-flex wp-container-core-buttons-is-layout-03627597 wp-block-buttons-is-layout-flex\">\n<div class=\"wp-block-button has-custom-width wp-block-button__width-100 is-style-fill\"><a class=\"wp-block-button__link has-white-color has-text-color has-background no-border-radius wp-element-button\" href=\"https:\/\/bewerbung.net\/lebenslauf-muster-vorlagen\" style=\"background-color:#000000\" target=\"_blank\" rel=\"noreferrer noopener\">Weiter<\/a><\/div>\n<\/div>\n<\/div>\n\n\n\n<div class=\"wp-block-column has-text-color has-background has-link-color wp-elements-0ba916bf5ffb52637b103b5f6cdcf051 is-layout-flow wp-block-column-is-layout-flow\" style=\"color:#000000;background-color:#c0ebf1;padding-top:2em;padding-right:2em;padding-bottom:2em;padding-left:2em\">\n<h2 class=\"wp-block-heading\" id=\"patron\" style=\"font-size:40px\"><strong>Karriere Glossar<\/strong><\/h2>\n\n\n\n<p class=\"has-normal-font-size\"><strong>Alles \u00fcber Karriere Fachbegriffen<\/strong><\/p>\n\n\n\n<hr class=\"wp-block-separator has-css-opacity is-style-wide\"\/>\n\n\n\n<ul class=\"has-normal-font-size wp-block-list\">\n<li>Hier k\u00f6nnen Sie st\u00f6bern und alles Wissenswerte zur Berufsterminologie erfahren. Dies kann bei Treffen mit neuen Arbeitgebern n\u00fctzlich sein. Es wird auch sehr n\u00fctzlich sein, selbst etwas zu lernen.<\/li>\n<\/ul>\n\n\n\n<div class=\"wp-block-buttons alignfull is-horizontal is-content-justification-center is-layout-flex wp-container-core-buttons-is-layout-03627597 wp-block-buttons-is-layout-flex\">\n<div class=\"wp-block-button has-custom-width wp-block-button__width-100\"><a class=\"wp-block-button__link has-white-color has-text-color has-background no-border-radius wp-element-button\" style=\"background-color:#000000\">Weiter<\/a><\/div>\n<\/div>\n<\/div>\n<\/div>\n","protected":false},"excerpt":{"rendered":"<p>Jobsuche bei Stellenmarkt Deutschland. Bei der Jobsuche gibt es verschiedene Strategien und Tipps, die Ihnen zum Erfolg verhelfen. Hier sind [&hellip;]<\/p>\n","protected":false},"author":1,"featured_media":0,"parent":0,"menu_order":0,"comment_status":"closed","ping_status":"closed","template":"","meta":{"site-sidebar-layout":"default","site-content-layout":"","ast-site-content-layout":"default","site-content-style":"default","site-sidebar-style":"default","ast-global-header-display":"","ast-banner-title-visibility":"","ast-main-header-display":"","ast-hfb-above-header-display":"","ast-hfb-below-header-display":"","ast-hfb-mobile-header-display":"","site-post-title":"","ast-breadcrumbs-content":"","ast-featured-img":"","footer-sml-layout":"","ast-disable-related-posts":"","theme-transparent-header-meta":"","adv-header-id-meta":"","stick-header-meta":"","header-above-stick-meta":"","header-main-stick-meta":"","header-below-stick-meta":"","astra-migrate-meta-layouts":"default","ast-page-background-enabled":"default","ast-page-background-meta":{"desktop":{"background-color":"var(--ast-global-color-5)","background-image":"","background-repeat":"repeat","background-position":"center center","background-size":"auto","background-attachment":"scroll","background-type":"","background-media":"","overlay-type":"","overlay-color":"","overlay-opacity":"","overlay-gradient":""},"tablet":{"background-color":"","background-image":"","background-repeat":"repeat","background-position":"center center","background-size":"auto","background-attachment":"scroll","background-type":"","background-media":"","overlay-type":"","overlay-color":"","overlay-opacity":"","overlay-gradient":""},"mobile":{"background-color":"","background-image":"","background-repeat":"repeat","background-position":"center center","background-size":"auto","background-attachment":"scroll","background-type":"","background-media":"","overlay-type":"","overlay-color":"","overlay-opacity":"","overlay-gradient":""}},"ast-content-background-meta":{"desktop":{"background-color":"var(--ast-global-color-4)","background-image":"","background-repeat":"repeat","background-position":"center center","background-size":"auto","background-attachment":"scroll","background-type":"","background-media":"","overlay-type":"","overlay-color":"","overlay-opacity":"","overlay-gradient":""},"tablet":{"background-color":"var(--ast-global-color-4)","background-image":"","background-repeat":"repeat","background-position":"center center","background-size":"auto","background-attachment":"scroll","background-type":"","background-media":"","overlay-type":"","overlay-color":"","overlay-opacity":"","overlay-gradient":""},"mobile":{"background-color":"var(--ast-global-color-4)","background-image":"","background-repeat":"repeat","background-position":"center center","background-size":"auto","background-attachment":"scroll","background-type":"","background-media":"","overlay-type":"","overlay-color":"","overlay-opacity":"","overlay-gradient":""}},"footnotes":""},"class_list":["post-103","page","type-page","status-publish","hentry"],"yoast_head":"<!-- This site is optimized with the Yoast SEO plugin v27.5 - https:\/\/yoast.com\/product\/yoast-seo-wordpress\/ -->\n<title>Stellenmarkt f\u00fcr Arbeit in Deutschland - Stellenmarkt<\/title>\n<meta name=\"description\" content=\"Unser Stellenmarkt in Deutschland kann sehr hilfreich sein, wenn Sie auf der Suche nach einem Job mit Ihrer eigenen Vision sind.\" \/>\n<meta name=\"robots\" content=\"index, follow, max-snippet:-1, max-image-preview:large, max-video-preview:-1\" \/>\n<link rel=\"canonical\" href=\"https:\/\/stellenmarkt-de.com\/index.php\/stellenmarkt-deutschland\/\" \/>\n<meta property=\"og:locale\" content=\"en_US\" \/>\n<meta property=\"og:type\" content=\"article\" \/>\n<meta property=\"og:title\" content=\"Stellenmarkt f\u00fcr Arbeit in Deutschland - Stellenmarkt\" \/>\n<meta property=\"og:description\" content=\"Unser Stellenmarkt in Deutschland kann sehr hilfreich sein, wenn Sie auf der Suche nach einem Job mit Ihrer eigenen Vision sind.\" \/>\n<meta property=\"og:url\" content=\"https:\/\/stellenmarkt-de.com\/index.php\/stellenmarkt-deutschland\/\" \/>\n<meta property=\"og:site_name\" content=\"Stellenmarkt\" \/>\n<meta property=\"article:modified_time\" content=\"2024-03-31T11:10:31+00:00\" \/>\n<meta name=\"twitter:card\" content=\"summary_large_image\" \/>\n<meta name=\"twitter:label1\" content=\"Est. reading time\" \/>\n\t<meta name=\"twitter:data1\" content=\"2 minutes\" \/>\n<script type=\"application\/ld+json\" class=\"yoast-schema-graph\">{\"@context\":\"https:\\\/\\\/schema.org\",\"@graph\":[{\"@type\":\"WebPage\",\"@id\":\"https:\\\/\\\/stellenmarkt-de.com\\\/index.php\\\/stellenmarkt-deutschland\\\/\",\"url\":\"https:\\\/\\\/stellenmarkt-de.com\\\/index.php\\\/stellenmarkt-deutschland\\\/\",\"name\":\"Stellenmarkt f\u00fcr Arbeit in Deutschland - Stellenmarkt\",\"isPartOf\":{\"@id\":\"https:\\\/\\\/stellenmarkt-de.com\\\/#website\"},\"datePublished\":\"2023-12-02T12:13:45+00:00\",\"dateModified\":\"2024-03-31T11:10:31+00:00\",\"description\":\"Unser Stellenmarkt in Deutschland kann sehr hilfreich sein, wenn Sie auf der Suche nach einem Job mit Ihrer eigenen Vision sind.\",\"breadcrumb\":{\"@id\":\"https:\\\/\\\/stellenmarkt-de.com\\\/index.php\\\/stellenmarkt-deutschland\\\/#breadcrumb\"},\"inLanguage\":\"en-US\",\"potentialAction\":[{\"@type\":\"ReadAction\",\"target\":[\"https:\\\/\\\/stellenmarkt-de.com\\\/index.php\\\/stellenmarkt-deutschland\\\/\"]}]},{\"@type\":\"BreadcrumbList\",\"@id\":\"https:\\\/\\\/stellenmarkt-de.com\\\/index.php\\\/stellenmarkt-deutschland\\\/#breadcrumb\",\"itemListElement\":[{\"@type\":\"ListItem\",\"position\":1,\"name\":\"Startseite\",\"item\":\"https:\\\/\\\/stellenmarkt-de.com\\\/\"},{\"@type\":\"ListItem\",\"position\":2,\"name\":\"Stellenmarkt f\u00fcr Arbeit in Deutschland\"}]},{\"@type\":\"WebSite\",\"@id\":\"https:\\\/\\\/stellenmarkt-de.com\\\/#website\",\"url\":\"https:\\\/\\\/stellenmarkt-de.com\\\/\",\"name\":\"Stellenmarkt\",\"description\":\"Deutschlands gr\u00f6\u00dfte Stellenmarkt\",\"publisher\":{\"@id\":\"https:\\\/\\\/stellenmarkt-de.com\\\/#organization\"},\"potentialAction\":[{\"@type\":\"SearchAction\",\"target\":{\"@type\":\"EntryPoint\",\"urlTemplate\":\"https:\\\/\\\/stellenmarkt-de.com\\\/?s={search_term_string}\"},\"query-input\":{\"@type\":\"PropertyValueSpecification\",\"valueRequired\":true,\"valueName\":\"search_term_string\"}}],\"inLanguage\":\"en-US\"},{\"@type\":\"Organization\",\"@id\":\"https:\\\/\\\/stellenmarkt-de.com\\\/#organization\",\"name\":\"Stellenmarkt\",\"url\":\"https:\\\/\\\/stellenmarkt-de.com\\\/\",\"logo\":{\"@type\":\"ImageObject\",\"inLanguage\":\"en-US\",\"@id\":\"https:\\\/\\\/stellenmarkt-de.com\\\/#\\\/schema\\\/logo\\\/image\\\/\",\"url\":\"https:\\\/\\\/i0.wp.com\\\/stellenmarkt-de.com\\\/wp-content\\\/uploads\\\/2024\\\/03\\\/cropped-DEB-Personal.png?fit=372%2C175&ssl=1\",\"contentUrl\":\"https:\\\/\\\/i0.wp.com\\\/stellenmarkt-de.com\\\/wp-content\\\/uploads\\\/2024\\\/03\\\/cropped-DEB-Personal.png?fit=372%2C175&ssl=1\",\"width\":372,\"height\":175,\"caption\":\"Stellenmarkt\"},\"image\":{\"@id\":\"https:\\\/\\\/stellenmarkt-de.com\\\/#\\\/schema\\\/logo\\\/image\\\/\"}}]}<\/script>\n<!-- \/ Yoast SEO plugin. -->","yoast_head_json":{"title":"Stellenmarkt f\u00fcr Arbeit in Deutschland - Stellenmarkt","description":"Unser Stellenmarkt in Deutschland kann sehr hilfreich sein, wenn Sie auf der Suche nach einem Job mit Ihrer eigenen Vision sind.","robots":{"index":"index","follow":"follow","max-snippet":"max-snippet:-1","max-image-preview":"max-image-preview:large","max-video-preview":"max-video-preview:-1"},"canonical":"https:\/\/stellenmarkt-de.com\/index.php\/stellenmarkt-deutschland\/","og_locale":"en_US","og_type":"article","og_title":"Stellenmarkt f\u00fcr Arbeit in Deutschland - Stellenmarkt","og_description":"Unser Stellenmarkt in Deutschland kann sehr hilfreich sein, wenn Sie auf der Suche nach einem Job mit Ihrer eigenen Vision sind.","og_url":"https:\/\/stellenmarkt-de.com\/index.php\/stellenmarkt-deutschland\/","og_site_name":"Stellenmarkt","article_modified_time":"2024-03-31T11:10:31+00:00","twitter_card":"summary_large_image","twitter_misc":{"Est. reading time":"2 minutes"},"schema":{"@context":"https:\/\/schema.org","@graph":[{"@type":"WebPage","@id":"https:\/\/stellenmarkt-de.com\/index.php\/stellenmarkt-deutschland\/","url":"https:\/\/stellenmarkt-de.com\/index.php\/stellenmarkt-deutschland\/","name":"Stellenmarkt f\u00fcr Arbeit in Deutschland - Stellenmarkt","isPartOf":{"@id":"https:\/\/stellenmarkt-de.com\/#website"},"datePublished":"2023-12-02T12:13:45+00:00","dateModified":"2024-03-31T11:10:31+00:00","description":"Unser Stellenmarkt in Deutschland kann sehr hilfreich sein, wenn Sie auf der Suche nach einem Job mit Ihrer eigenen Vision sind.","breadcrumb":{"@id":"https:\/\/stellenmarkt-de.com\/index.php\/stellenmarkt-deutschland\/#breadcrumb"},"inLanguage":"en-US","potentialAction":[{"@type":"ReadAction","target":["https:\/\/stellenmarkt-de.com\/index.php\/stellenmarkt-deutschland\/"]}]},{"@type":"BreadcrumbList","@id":"https:\/\/stellenmarkt-de.com\/index.php\/stellenmarkt-deutschland\/#breadcrumb","itemListElement":[{"@type":"ListItem","position":1,"name":"Startseite","item":"https:\/\/stellenmarkt-de.com\/"},{"@type":"ListItem","position":2,"name":"Stellenmarkt f\u00fcr Arbeit in Deutschland"}]},{"@type":"WebSite","@id":"https:\/\/stellenmarkt-de.com\/#website","url":"https:\/\/stellenmarkt-de.com\/","name":"Stellenmarkt","description":"Deutschlands gr\u00f6\u00dfte Stellenmarkt","publisher":{"@id":"https:\/\/stellenmarkt-de.com\/#organization"},"potentialAction":[{"@type":"SearchAction","target":{"@type":"EntryPoint","urlTemplate":"https:\/\/stellenmarkt-de.com\/?s={search_term_string}"},"query-input":{"@type":"PropertyValueSpecification","valueRequired":true,"valueName":"search_term_string"}}],"inLanguage":"en-US"},{"@type":"Organization","@id":"https:\/\/stellenmarkt-de.com\/#organization","name":"Stellenmarkt","url":"https:\/\/stellenmarkt-de.com\/","logo":{"@type":"ImageObject","inLanguage":"en-US","@id":"https:\/\/stellenmarkt-de.com\/#\/schema\/logo\/image\/","url":"https:\/\/i0.wp.com\/stellenmarkt-de.com\/wp-content\/uploads\/2024\/03\/cropped-DEB-Personal.png?fit=372%2C175&ssl=1","contentUrl":"https:\/\/i0.wp.com\/stellenmarkt-de.com\/wp-content\/uploads\/2024\/03\/cropped-DEB-Personal.png?fit=372%2C175&ssl=1","width":372,"height":175,"caption":"Stellenmarkt"},"image":{"@id":"https:\/\/stellenmarkt-de.com\/#\/schema\/logo\/image\/"}}]}},"jetpack_sharing_enabled":true,"_links":{"self":[{"href":"https:\/\/stellenmarkt-de.com\/index.php\/wp-json\/wp\/v2\/pages\/103","targetHints":{"allow":["GET"]}}],"collection":[{"href":"https:\/\/stellenmarkt-de.com\/index.php\/wp-json\/wp\/v2\/pages"}],"about":[{"href":"https:\/\/stellenmarkt-de.com\/index.php\/wp-json\/wp\/v2\/types\/page"}],"author":[{"embeddable":true,"href":"https:\/\/stellenmarkt-de.com\/index.php\/wp-json\/wp\/v2\/users\/1"}],"replies":[{"embeddable":true,"href":"https:\/\/stellenmarkt-de.com\/index.php\/wp-json\/wp\/v2\/comments?post=103"}],"version-history":[{"count":15,"href":"https:\/\/stellenmarkt-de.com\/index.php\/wp-json\/wp\/v2\/pages\/103\/revisions"}],"predecessor-version":[{"id":351,"href":"https:\/\/stellenmarkt-de.com\/index.php\/wp-json\/wp\/v2\/pages\/103\/revisions\/351"}],"wp:attachment":[{"href":"https:\/\/stellenmarkt-de.com\/index.php\/wp-json\/wp\/v2\/media?parent=103"}],"curies":[{"name":"wp","href":"https:\/\/api.w.org\/{rel}","templated":true}]}}